{"id":1256,"date":"2020-08-19T07:25:05","date_gmt":"2020-08-19T07:25:05","guid":{"rendered":"https:\/\/demo.ovatheme.com\/egovt\/?page_id=1256"},"modified":"2025-11-04T16:10:04","modified_gmt":"2025-11-04T14:10:04","slug":"contacto","status":"publish","type":"page","link":"https:\/\/cullarvega.com\/casa-cultura\/contacto\/","title":{"rendered":"Contacto"},"content":{"rendered":"\t\t<div data-elementor-type=\"wp-page\" data-elementor-id=\"1256\" class=\"elementor elementor-1256\">\n\t\t\t\t\t\t<section class=\"elementor-section elementor-top-section elementor-element elementor-element-e5e98e3 elementor-section-boxed elementor-section-height-default elementor-section-height-default\" data-id=\"e5e98e3\" data-element_type=\"section\" data-e-type=\"section\" data-settings=\"{&quot;background_background&quot;:&quot;classic&quot;}\">\n\t\t\t\t\t\t<div class=\"elementor-container elementor-column-gap-default\">\n\t\t\t\t\t<div class=\"elementor-column elementor-col-50 elementor-top-column elementor-element elementor-element-ba9ea74\" data-id=\"ba9ea74\" data-element_type=\"column\" data-e-type=\"column\">\n\t\t\t<div class=\"elementor-widget-wrap elementor-element-populated\">\n\t\t\t\t\t\t<div class=\"elementor-element elementor-element-639cdc9 elementor-widget elementor-widget-ova_heading\" data-id=\"639cdc9\" data-element_type=\"widget\" data-e-type=\"widget\" data-widget_type=\"ova_heading.default\">\n\t\t\t\t<div class=\"elementor-widget-container\">\n\t\t\t\t\t\t\t<div class=\"ova-heading\">\n\t\t\t\n\t\t\t\t\t\t\t<h3 class=\"title second_font\">Contacto<\/h3>\n\t\t\t\n\t\t\t\n\t\t<\/div>\n\t\t\t\t\t\t<\/div>\n\t\t\t\t<\/div>\n\t\t\t\t\t<\/div>\n\t\t<\/div>\n\t\t\t\t<div class=\"elementor-column elementor-col-50 elementor-top-column elementor-element elementor-element-3fe5f3b\" data-id=\"3fe5f3b\" data-element_type=\"column\" data-e-type=\"column\">\n\t\t\t<div class=\"elementor-widget-wrap elementor-element-populated\">\n\t\t\t\t\t\t<div class=\"elementor-element elementor-element-fd39055 elementor-widget elementor-widget-ova_contact_slide\" data-id=\"fd39055\" data-element_type=\"widget\" data-e-type=\"widget\" data-settings=\"{&quot;pause_on_hover&quot;:&quot;yes&quot;}\" data-widget_type=\"ova_contact_slide.default\">\n\t\t\t\t<div class=\"elementor-widget-container\">\n\t\t\t\t\t\t\t<div class=\"ova_contact_slide \">\n\t\t\t\n\t\t\t<div class=\"slide-contact owl-carousel owl-theme \" data-options=\"{&quot;items&quot;:3,&quot;slideBy&quot;:1,&quot;margin&quot;:25,&quot;autoplayHoverPause&quot;:true,&quot;loop&quot;:false,&quot;autoplay&quot;:false,&quot;autoplayTimeout&quot;:5000,&quot;smartSpeed&quot;:500,&quot;dots&quot;:false}\">\n\t\t\t\t\n\t\t\t\t\n\t\t\t\t\t\t\t\t\t\t\t<div class=\"item\">\n\t\t\t\t\t\t\t<h3>\n\t\t\t\t\t\t\t\t<a href=\"https:\/\/goo.gl\/maps\/WNz4DCxx153EPmS29\">\n\t\t\t\t\t\t\t\t\tCasa de la Cultura\t\t\t\t\t\t\t\t<\/a>\n\t\t\t\t\t\t\t<\/h3>\n\t\t\t\t\t\t\t<div class=\"address\">\n\t\t\t\t\t\t\t\t<p>\n\t\t\t\t\t\t\t\t\tAyuntamiento de C\u00fallar Vega, C\\ Pablo Picasso 21, 18195, C\u00fallar Vega (Granada)\t\t\t\t\t\t\t\t<\/p>\n\t\t\t\t\t\t\t<\/div>\n\t\t\t\t\t\t\t\n\t\t\t\t\t\t\t<div class=\"mail\">\n\t\t\t\t\t\t\t\t\n\t\t\t\t\t\t\t\t<a href=\"mailto:mariangelespolo@cullarvega.com\" class=\"email\">\n\t\t\t\t\t\t\t\t\t<i class=\"far fa-envelope\"><\/i>\n\t\t\t\t\t\t\t\t\tmariangelespolo@cullarvega.com\t\t\t\t\t\t\t\t<\/a>\n\t\t\t\t\t\t\t<\/div>\n\n\t\t\t\t\t\t\t<div class=\"phone\">\n\n\t\t\t\t\t\t\t\t<a href=\"tel:+34958585480\">\n\t\t\t\t\t\t\t\t\t<i class=\"fas fa-phone-alt\"><\/i>\n\t\t\t\t\t\t\t\t\t958 585 480\t\t\t\t\t\t\t\t<\/a>\n\t\t\t\t\t\t\t<\/div>\n\n\t\t\t\t\t\t\t<div class=\"read_more\">\n\t\t\t\t\t\t\t\t<a class=\"second_font\" href=\"https:\/\/goo.gl\/maps\/WNz4DCxx153EPmS29\">\n\t\t\t\t\t\t\t\t\tC\u00f3mo Llegar\t\t\t\t\t\t\t\t<\/a>\n\t\t\t\t\t\t\t<\/div>\n\n\t\t\t\t\t\t<\/div>\n\t\t\t\t\t\t\t\t\t\t\t<div class=\"item\">\n\t\t\t\t\t\t\t<h3>\n\t\t\t\t\t\t\t\t<a href=\"https:\/\/goo.gl\/maps\/WNz4DCxx153EPmS29\">\n\t\t\t\t\t\t\t\t\tBiblioteca\t\t\t\t\t\t\t\t<\/a>\n\t\t\t\t\t\t\t<\/h3>\n\t\t\t\t\t\t\t<div class=\"address\">\n\t\t\t\t\t\t\t\t<p>\n\t\t\t\t\t\t\t\t\tCasa de la Cultura, Planta baja. Paseo Jer\u00f3nimo de Rueda s\/n\u00ba 18195 C\u00fallar Vega\t\t\t\t\t\t\t\t<\/p>\n\t\t\t\t\t\t\t<\/div>\n\t\t\t\t\t\t\t\n\t\t\t\t\t\t\t<div class=\"mail\">\n\t\t\t\t\t\t\t\t\n\t\t\t\t\t\t\t\t<a href=\"mailto:biblioteca@cullarvega.com\" class=\"email\">\n\t\t\t\t\t\t\t\t\t<i class=\"far fa-envelope\"><\/i>\n\t\t\t\t\t\t\t\t\tbiblioteca@cullarvega.com\t\t\t\t\t\t\t\t<\/a>\n\t\t\t\t\t\t\t<\/div>\n\n\t\t\t\t\t\t\t<div class=\"phone\">\n\n\t\t\t\t\t\t\t\t<a href=\"tel:+34958574008\">\n\t\t\t\t\t\t\t\t\t<i class=\"fas fa-phone-alt\"><\/i>\n\t\t\t\t\t\t\t\t\t958 574 008\t\t\t\t\t\t\t\t<\/a>\n\t\t\t\t\t\t\t<\/div>\n\n\t\t\t\t\t\t\t<div class=\"read_more\">\n\t\t\t\t\t\t\t\t<a class=\"second_font\" href=\"https:\/\/goo.gl\/maps\/WNz4DCxx153EPmS29\">\n\t\t\t\t\t\t\t\t\tC\u00f3mo Llegar\t\t\t\t\t\t\t\t<\/a>\n\t\t\t\t\t\t\t<\/div>\n\n\t\t\t\t\t\t<\/div>\n\t\t\t\t\t\n\t\t\t\t\t\t\t<\/div>\n\t\t<\/div>\n\t\t\t\t\t\t<\/div>\n\t\t\t\t<\/div>\n\t\t\t\t\t<\/div>\n\t\t<\/div>\n\t\t\t\t\t<\/div>\n\t\t<\/section>\n\t\t\t\t<section class=\"elementor-section elementor-top-section elementor-element elementor-element-7a9bb6f elementor-section-full_width elementor-section-height-default elementor-section-height-default\" data-id=\"7a9bb6f\" data-element_type=\"section\" data-e-type=\"section\">\n\t\t\t\t\t\t<div class=\"elementor-container elementor-column-gap-default\">\n\t\t\t\t\t<div class=\"elementor-column elementor-col-100 elementor-top-column elementor-element elementor-element-7e2d505\" data-id=\"7e2d505\" data-element_type=\"column\" data-e-type=\"column\">\n\t\t\t<div class=\"elementor-widget-wrap elementor-element-populated\">\n\t\t\t\t\t\t<div class=\"elementor-element elementor-element-8509e7f elementor-widget elementor-widget-google_maps\" data-id=\"8509e7f\" data-element_type=\"widget\" data-e-type=\"widget\" data-widget_type=\"google_maps.default\">\n\t\t\t\t<div class=\"elementor-widget-container\">\n\t\t\t\t\t\t\t<div class=\"elementor-custom-embed\">\n\t\t\t<iframe loading=\"lazy\"\n\t\t\t\t\tsrc=\"https:\/\/maps.google.com\/maps?q=Casa%20de%20la%20Cultura%20de%20C%C3%BAllar%20Vega%2C%20Granada&#038;t=m&#038;z=17&#038;output=embed&#038;iwloc=near\"\n\t\t\t\t\ttitle=\"Casa de la Cultura de C\u00fallar Vega, Granada\"\n\t\t\t\t\taria-label=\"Casa de la Cultura de C\u00fallar Vega, Granada\"\n\t\t\t><\/iframe>\n\t\t<\/div>\n\t\t\t\t\t\t<\/div>\n\t\t\t\t<\/div>\n\t\t\t\t\t<\/div>\n\t\t<\/div>\n\t\t\t\t\t<\/div>\n\t\t<\/section>\n\t\t\t\t<section class=\"elementor-section elementor-top-section elementor-element elementor-element-344ca3c elementor-section-boxed elementor-section-height-default elementor-section-height-default\" data-id=\"344ca3c\" data-element_type=\"section\" data-e-type=\"section\">\n\t\t\t\t\t\t<div class=\"elementor-container elementor-column-gap-default\">\n\t\t\t\t\t<div class=\"elementor-column elementor-col-100 elementor-top-column elementor-element elementor-element-96fefdb\" data-id=\"96fefdb\" data-element_type=\"column\" data-e-type=\"column\">\n\t\t\t<div class=\"elementor-widget-wrap elementor-element-populated\">\n\t\t\t\t\t\t<div class=\"elementor-element elementor-element-2a9fd4f elementor-widget elementor-widget-ova_heading\" data-id=\"2a9fd4f\" data-element_type=\"widget\" data-e-type=\"widget\" data-widget_type=\"ova_heading.default\">\n\t\t\t\t<div class=\"elementor-widget-container\">\n\t\t\t\t\t\t\t<div class=\"ova-heading\">\n\t\t\t\n\t\t\t\t\t\t\t<h3 class=\"title second_font\">D\u00e9janos un Mensaje<\/h3>\n\t\t\t\n\t\t\t\t\t\t\t<p class=\"sub-title \">Cont\u00e1cte usando este formulario y nos pondremos en contacto con usted lo antes posible.<\/p>\n\t\t\t\n\t\t<\/div>\n\t\t\t\t\t\t<\/div>\n\t\t\t\t<\/div>\n\t\t\t\t<div class=\"elementor-element elementor-element-b040207 elementor-widget elementor-widget-shortcode\" data-id=\"b040207\" data-element_type=\"widget\" data-e-type=\"widget\" data-widget_type=\"shortcode.default\">\n\t\t\t\t<div class=\"elementor-widget-container\">\n\t\t\t\t\t\t\t<div class=\"elementor-shortcode\">[contact-form-7 id=\"1255\" title=\"Contact form type 2\"]<\/div>\n\t\t\t\t\t\t<\/div>\n\t\t\t\t<\/div>\n\t\t\t\t\t<\/div>\n\t\t<\/div>\n\t\t\t\t\t<\/div>\n\t\t<\/section>\n\t\t\t\t<\/div>\n\t\t","protected":false},"excerpt":{"rendered":"<p>Contacto Casa de la Cultura Ayuntamiento de C\u00fallar Vega, C Pablo Picasso 21, 18195, C\u00fallar Vega (Granada) mariangelespolo@cullarvega.com 958 585 480 C\u00f3mo Llegar Biblioteca Casa de la Cultura, Planta baja. Paseo Jer\u00f3nimo de Rueda s\/n\u00ba 18195 C\u00fallar Vega biblioteca@cullarvega.com 958 574 008 C\u00f3mo Llegar D\u00e9janos un Mensaje Cont\u00e1cte usando este formulario y nos pondremos en [&hellip;]<\/p>\n","protected":false},"author":1,"featured_media":14294,"parent":0,"menu_order":0,"comment_status":"closed","ping_status":"closed","template":"elementor_header_footer","meta":{"footnotes":""},"class_list":["post-1256","page","type-page","status-publish","has-post-thumbnail","hentry"],"_links":{"self":[{"href":"https:\/\/cullarvega.com\/casa-cultura\/wp-json\/wp\/v2\/pages\/1256","targetHints":{"allow":["GET"]}}],"collection":[{"href":"https:\/\/cullarvega.com\/casa-cultura\/wp-json\/wp\/v2\/pages"}],"about":[{"href":"https:\/\/cullarvega.com\/casa-cultura\/wp-json\/wp\/v2\/types\/page"}],"author":[{"embeddable":true,"href":"https:\/\/cullarvega.com\/casa-cultura\/wp-json\/wp\/v2\/users\/1"}],"replies":[{"embeddable":true,"href":"https:\/\/cullarvega.com\/casa-cultura\/wp-json\/wp\/v2\/comments?post=1256"}],"version-history":[{"count":14,"href":"https:\/\/cullarvega.com\/casa-cultura\/wp-json\/wp\/v2\/pages\/1256\/revisions"}],"predecessor-version":[{"id":22156,"href":"https:\/\/cullarvega.com\/casa-cultura\/wp-json\/wp\/v2\/pages\/1256\/revisions\/22156"}],"wp:featuredmedia":[{"embeddable":true,"href":"https:\/\/cullarvega.com\/casa-cultura\/wp-json\/wp\/v2\/media\/14294"}],"wp:attachment":[{"href":"https:\/\/cullarvega.com\/casa-cultura\/wp-json\/wp\/v2\/media?parent=1256"}],"curies":[{"name":"wp","href":"https:\/\/api.w.org\/{rel}","templated":true}]}}